{"id":172,"date":"2025-11-18T22:33:15","date_gmt":"2025-11-18T21:33:15","guid":{"rendered":"https:\/\/ayrahorizons.cz\/?page_id=172"},"modified":"2025-12-13T22:30:13","modified_gmt":"2025-12-13T21:30:13","slug":"kontakt","status":"publish","type":"page","link":"https:\/\/ayrahorizons.cz\/en\/kontakt\/","title":{"rendered":"Contact"},"content":{"rendered":"<p>[et_pb_section fb_built=&#8220;1&#8243; custom_padding_last_edited=&#8220;on|tablet&#8220; admin_label=&#8220;Contact Form&#8220; _builder_version=&#8220;4.16&#8243; custom_padding=&#8220;110px||40px|||&#8220; custom_padding_tablet=&#8220;60px|||&#8220; custom_padding_phone=&#8220;&#8220; global_colors_info=&#8220;{}&#8220;][et_pb_row column_structure=&#8220;1_2,1_2&#8243; _builder_version=&#8220;4.27.4&#8243; background_size=&#8220;initial&#8220; background_position=&#8220;top_left&#8220; background_repeat=&#8220;repeat&#8220; custom_padding=&#8220;||4px|||&#8220; global_colors_info=&#8220;{}&#8220;][et_pb_column type=&#8220;1_2&#8243; _builder_version=&#8220;4.16&#8243; custom_padding=&#8220;|||&#8220; global_colors_info=&#8220;{}&#8220; custom_padding__hover=&#8220;|||&#8220;][et_pb_text admin_label=&#8220;Contact Title&#8220; _builder_version=&#8220;4.16&#8243; text_font=&#8220;||||&#8220; text_text_color=&#8220;#1a1a1a&#8220; header_font=&#8220;Oswald|on||on|&#8220; header_text_align=&#8220;left&#8220; header_font_size=&#8220;60px&#8220; header_line_height=&#8220;1.3em&#8220; background_size=&#8220;initial&#8220; background_position=&#8220;top_left&#8220; background_repeat=&#8220;repeat&#8220; max_width=&#8220;450px&#8220; custom_margin=&#8220;|||&#8220; custom_padding=&#8220;|||&#8220; animation_style=&#8220;slide&#8220; animation_direction=&#8220;top&#8220; animation_intensity_slide=&#8220;10%&#8220; locked=&#8220;off&#8220; global_colors_info=&#8220;{}&#8220;]<\/p>\n<h1>Kontakt<\/h1>\n<p>[\/et_pb_text][et_pb_divider color=&#8220;#ed4441&#8243; divider_position=&#8220;center&#8220; divider_weight=&#8220;3px&#8220; disabled_on=&#8220;off|off|off%22&#8243; admin_label=&#8220;Divider&#8220; _builder_version=&#8220;4.16&#8243; max_width=&#8220;150px&#8220; height=&#8220;false&#8220; custom_margin=&#8220;30px|||&#8220; animation_style=&#8220;slide&#8220; animation_direction=&#8220;top&#8220; animation_delay=&#8220;100ms&#8220; animation_intensity_slide=&#8220;10%&#8220; locked=&#8220;off&#8220; global_colors_info=&#8220;{}&#8220;][\/et_pb_divider][et_pb_text admin_label=&#8220;Contact Subtitle&#8220; _builder_version=&#8220;4.27.5&#8243; text_font=&#8220;Roboto||||&#8220; text_text_color=&#8220;#1a1a1a&#8220; text_font_size=&#8220;18px&#8220; text_line_height=&#8220;1.4em&#8220; background_size=&#8220;initial&#8220; background_position=&#8220;top_left&#8220; background_repeat=&#8220;repeat&#8220; max_width=&#8220;450px&#8220; custom_padding=&#8220;30px|||&#8220; animation_style=&#8220;slide&#8220; animation_direction=&#8220;top&#8220; animation_delay=&#8220;200ms&#8220; animation_intensity_slide=&#8220;10%&#8220; locked=&#8220;off&#8220; global_colors_info=&#8220;{}&#8220;]<\/p>\n<p>M\u00e1te ot\u00e1zky ohledn\u011b plavby? Chcete si zarezervovat m\u00edsto nebo celou lo\u010f?<br \/>Kontaktujte n\u00e1s skrze formul\u00e1\u0159 n\u00ed\u017ee nebo rovnou zavolejte koordin\u00e1torce:<\/p>\n<p>[\/et_pb_text][et_pb_cta button_text=&#8220;Kliknut\u00ed&#8220; _builder_version=&#8220;4.27.5&#8243; _module_preset=&#8220;default&#8220; body_font=&#8220;Roboto||||||||&#8220; background_color=&#8220;RGBA(255,255,255,0)&#8220; background_layout=&#8220;light&#8220; global_colors_info=&#8220;{}&#8220;]<\/p>\n<h4 style=\"text-align: left;\"><\/h4>\n<h4 style=\"text-align: left;\"><strong>Ayra Horizons, s.r.o.<\/strong><\/h4>\n<h4 style=\"text-align: left;\"><strong>Petra Ivanega<\/strong><\/h4>\n<h4 style=\"text-align: left;\"><strong>Zavolejte: +420 731 415 330<\/strong><\/h4>\n<h4 style=\"text-align: left;\"><strong>Napi\u0161te: info@ayrahorizons.cz<\/strong><\/h4>\n<p>[\/et_pb_cta][\/et_pb_column][et_pb_column type=&#8220;1_2&#8243; _builder_version=&#8220;4.27.4&#8243; _module_preset=&#8220;default&#8220; global_colors_info=&#8220;{}&#8220;][et_pb_image src=&#8220;https:\/\/ayrahorizons.cz\/wp-content\/uploads\/2025\/12\/shutterstock_2655445849-2-scaled.jpg&#8220; alt=&#8220;To nejlep\u0161\u00ed z Lofot, poznejte z paluby na\u0161\u00ed lodi&#8220; title_text=&#8220;To nejlep\u0161\u00ed z Lofot, poznejte z paluby na\u0161\u00ed lodi&#8220; _builder_version=&#8220;4.27.5&#8243; _module_preset=&#8220;default&#8220; global_colors_info=&#8220;{}&#8220;][\/et_pb_image][\/et_pb_column][\/et_pb_row][\/et_pb_section]<\/p>\n","protected":false},"excerpt":{"rendered":"<p>KontaktM\u00e1te ot\u00e1zky ohledn\u011b plavby? Chcete si zarezervovat m\u00edsto nebo celou lo\u010f?Kontaktujte n\u00e1s skrze formul\u00e1\u0159 n\u00ed\u017ee nebo rovnou zavolejte koordin\u00e1torce: Ayra Horizons, s.r.o. Petra Ivanega Zavolejte: +420 731 415 330 Napi\u0161te: info@ayrahorizons.cz<\/p>","protected":false},"author":2,"featured_media":0,"parent":0,"menu_order":3,"comment_status":"closed","ping_status":"closed","template":"","meta":{"_et_pb_use_builder":"on","_et_pb_old_content":"","_et_gb_content_width":"","footnotes":""},"class_list":["post-172","page","type-page","status-publish","hentry"],"yoast_head":"<!-- This site is optimized with the Yoast SEO plugin v27.3 - https:\/\/yoast.com\/product\/yoast-seo-wordpress\/ -->\n<title>Ayra Horizons |<\/title>\n<meta name=\"robots\" content=\"index, follow, max-snippet:-1, max-image-preview:large, max-video-preview:-1\" \/>\n<link rel=\"canonical\" href=\"https:\/\/ayrahorizons.cz\/en\/kontakt\/\" \/>\n<meta property=\"og:locale\" content=\"en_GB\" \/>\n<meta property=\"og:type\" content=\"article\" \/>\n<meta property=\"og:title\" content=\"Ayra Horizons |\" \/>\n<meta property=\"og:description\" content=\"KontaktM\u00e1te ot\u00e1zky ohledn\u011b plavby? Chcete si zarezervovat m\u00edsto nebo celou lo\u010f?Kontaktujte n\u00e1s skrze formul\u00e1\u0159 n\u00ed\u017ee nebo rovnou zavolejte koordin\u00e1torce: Ayra Horizons, s.r.o. Petra Ivanega Zavolejte: +420 731 415 330 Napi\u0161te: info@ayrahorizons.cz\" \/>\n<meta property=\"og:url\" content=\"https:\/\/ayrahorizons.cz\/en\/kontakt\/\" \/>\n<meta property=\"og:site_name\" content=\"Ayra Horizons\" \/>\n<meta property=\"article:publisher\" content=\"https:\/\/www.facebook.com\/ayrahorizons\" \/>\n<meta property=\"article:modified_time\" content=\"2025-12-13T21:30:13+00:00\" \/>\n<meta property=\"og:image\" content=\"https:\/\/ayrahorizons.cz\/wp-content\/uploads\/2025\/12\/shutterstock_2109307901-scaled.jpg\" \/>\n\t<meta property=\"og:image:width\" content=\"2560\" \/>\n\t<meta property=\"og:image:height\" content=\"1706\" \/>\n\t<meta property=\"og:image:type\" content=\"image\/jpeg\" \/>\n<meta name=\"twitter:card\" content=\"summary_large_image\" \/>\n<meta name=\"twitter:label1\" content=\"Estimated reading time\" \/>\n\t<meta name=\"twitter:data1\" content=\"2 minutes\" \/>\n<script type=\"application\/ld+json\" class=\"yoast-schema-graph\">{\"@context\":\"https:\\\/\\\/schema.org\",\"@graph\":[{\"@type\":\"WebPage\",\"@id\":\"https:\\\/\\\/ayrahorizons.cz\\\/kontakt\\\/\",\"url\":\"https:\\\/\\\/ayrahorizons.cz\\\/kontakt\\\/\",\"name\":\"Ayra Horizons |\",\"isPartOf\":{\"@id\":\"https:\\\/\\\/ayrahorizons.cz\\\/#website\"},\"datePublished\":\"2025-11-18T21:33:15+00:00\",\"dateModified\":\"2025-12-13T21:30:13+00:00\",\"breadcrumb\":{\"@id\":\"https:\\\/\\\/ayrahorizons.cz\\\/kontakt\\\/#breadcrumb\"},\"inLanguage\":\"en-GB\",\"potentialAction\":[{\"@type\":\"ReadAction\",\"target\":[\"https:\\\/\\\/ayrahorizons.cz\\\/kontakt\\\/\"]}]},{\"@type\":\"BreadcrumbList\",\"@id\":\"https:\\\/\\\/ayrahorizons.cz\\\/kontakt\\\/#breadcrumb\",\"itemListElement\":[{\"@type\":\"ListItem\",\"position\":1,\"name\":\"Dom\u016f\",\"item\":\"https:\\\/\\\/ayrahorizons.cz\\\/\"},{\"@type\":\"ListItem\",\"position\":2,\"name\":\"Kontakt\"}]},{\"@type\":\"WebSite\",\"@id\":\"https:\\\/\\\/ayrahorizons.cz\\\/#website\",\"url\":\"https:\\\/\\\/ayrahorizons.cz\\\/\",\"name\":\"Ayra Horizons - Plavby na Lofotech a v severn\u00edm Norsku\",\"description\":\"Plavby na Lofotech a v severn\u00edm Norsku\",\"publisher\":{\"@id\":\"https:\\\/\\\/ayrahorizons.cz\\\/#organization\"},\"alternateName\":\"Ayra Horizons\",\"potentialAction\":[{\"@type\":\"SearchAction\",\"target\":{\"@type\":\"EntryPoint\",\"urlTemplate\":\"https:\\\/\\\/ayrahorizons.cz\\\/?s={search_term_string}\"},\"query-input\":{\"@type\":\"PropertyValueSpecification\",\"valueRequired\":true,\"valueName\":\"search_term_string\"}}],\"inLanguage\":\"en-GB\"},{\"@type\":\"Organization\",\"@id\":\"https:\\\/\\\/ayrahorizons.cz\\\/#organization\",\"name\":\"Ayra Horizons\",\"url\":\"https:\\\/\\\/ayrahorizons.cz\\\/\",\"logo\":{\"@type\":\"ImageObject\",\"inLanguage\":\"en-GB\",\"@id\":\"https:\\\/\\\/ayrahorizons.cz\\\/#\\\/schema\\\/logo\\\/image\\\/\",\"url\":\"https:\\\/\\\/ayrahorizons.cz\\\/wp-content\\\/uploads\\\/2025\\\/12\\\/cropped-AYRA_horizons_icon.png\",\"contentUrl\":\"https:\\\/\\\/ayrahorizons.cz\\\/wp-content\\\/uploads\\\/2025\\\/12\\\/cropped-AYRA_horizons_icon.png\",\"width\":512,\"height\":512,\"caption\":\"Ayra Horizons\"},\"image\":{\"@id\":\"https:\\\/\\\/ayrahorizons.cz\\\/#\\\/schema\\\/logo\\\/image\\\/\"},\"sameAs\":[\"https:\\\/\\\/www.facebook.com\\\/ayrahorizons\",\"https:\\\/\\\/www.instagram.com\\\/ayrahorizons\\\/\"]}]}<\/script>\n<!-- \/ Yoast SEO plugin. -->","yoast_head_json":{"title":"Ayra Horizons |","robots":{"index":"index","follow":"follow","max-snippet":"max-snippet:-1","max-image-preview":"max-image-preview:large","max-video-preview":"max-video-preview:-1"},"canonical":"https:\/\/ayrahorizons.cz\/en\/kontakt\/","og_locale":"en_GB","og_type":"article","og_title":"Ayra Horizons |","og_description":"KontaktM\u00e1te ot\u00e1zky ohledn\u011b plavby? Chcete si zarezervovat m\u00edsto nebo celou lo\u010f?Kontaktujte n\u00e1s skrze formul\u00e1\u0159 n\u00ed\u017ee nebo rovnou zavolejte koordin\u00e1torce: Ayra Horizons, s.r.o. Petra Ivanega Zavolejte: +420 731 415 330 Napi\u0161te: info@ayrahorizons.cz","og_url":"https:\/\/ayrahorizons.cz\/en\/kontakt\/","og_site_name":"Ayra Horizons","article_publisher":"https:\/\/www.facebook.com\/ayrahorizons","article_modified_time":"2025-12-13T21:30:13+00:00","og_image":[{"width":2560,"height":1706,"url":"https:\/\/ayrahorizons.cz\/wp-content\/uploads\/2025\/12\/shutterstock_2109307901-scaled.jpg","type":"image\/jpeg"}],"twitter_card":"summary_large_image","twitter_misc":{"Estimated reading time":"2 minutes"},"schema":{"@context":"https:\/\/schema.org","@graph":[{"@type":"WebPage","@id":"https:\/\/ayrahorizons.cz\/kontakt\/","url":"https:\/\/ayrahorizons.cz\/kontakt\/","name":"Ayra Horizons |","isPartOf":{"@id":"https:\/\/ayrahorizons.cz\/#website"},"datePublished":"2025-11-18T21:33:15+00:00","dateModified":"2025-12-13T21:30:13+00:00","breadcrumb":{"@id":"https:\/\/ayrahorizons.cz\/kontakt\/#breadcrumb"},"inLanguage":"en-GB","potentialAction":[{"@type":"ReadAction","target":["https:\/\/ayrahorizons.cz\/kontakt\/"]}]},{"@type":"BreadcrumbList","@id":"https:\/\/ayrahorizons.cz\/kontakt\/#breadcrumb","itemListElement":[{"@type":"ListItem","position":1,"name":"Dom\u016f","item":"https:\/\/ayrahorizons.cz\/"},{"@type":"ListItem","position":2,"name":"Kontakt"}]},{"@type":"WebSite","@id":"https:\/\/ayrahorizons.cz\/#website","url":"https:\/\/ayrahorizons.cz\/","name":"Ayra Horizons - Plavby na Lofotech a v severn\u00edm Norsku","description":"Plavby na Lofotech a v severn\u00edm Norsku","publisher":{"@id":"https:\/\/ayrahorizons.cz\/#organization"},"alternateName":"Ayra Horizons","potentialAction":[{"@type":"SearchAction","target":{"@type":"EntryPoint","urlTemplate":"https:\/\/ayrahorizons.cz\/?s={search_term_string}"},"query-input":{"@type":"PropertyValueSpecification","valueRequired":true,"valueName":"search_term_string"}}],"inLanguage":"en-GB"},{"@type":"Organization","@id":"https:\/\/ayrahorizons.cz\/#organization","name":"Ayra Horizons","url":"https:\/\/ayrahorizons.cz\/","logo":{"@type":"ImageObject","inLanguage":"en-GB","@id":"https:\/\/ayrahorizons.cz\/#\/schema\/logo\/image\/","url":"https:\/\/ayrahorizons.cz\/wp-content\/uploads\/2025\/12\/cropped-AYRA_horizons_icon.png","contentUrl":"https:\/\/ayrahorizons.cz\/wp-content\/uploads\/2025\/12\/cropped-AYRA_horizons_icon.png","width":512,"height":512,"caption":"Ayra Horizons"},"image":{"@id":"https:\/\/ayrahorizons.cz\/#\/schema\/logo\/image\/"},"sameAs":["https:\/\/www.facebook.com\/ayrahorizons","https:\/\/www.instagram.com\/ayrahorizons\/"]}]}},"_links":{"self":[{"href":"https:\/\/ayrahorizons.cz\/en\/wp-json\/wp\/v2\/pages\/172","targetHints":{"allow":["GET"]}}],"collection":[{"href":"https:\/\/ayrahorizons.cz\/en\/wp-json\/wp\/v2\/pages"}],"about":[{"href":"https:\/\/ayrahorizons.cz\/en\/wp-json\/wp\/v2\/types\/page"}],"author":[{"embeddable":true,"href":"https:\/\/ayrahorizons.cz\/en\/wp-json\/wp\/v2\/users\/2"}],"replies":[{"embeddable":true,"href":"https:\/\/ayrahorizons.cz\/en\/wp-json\/wp\/v2\/comments?post=172"}],"version-history":[{"count":11,"href":"https:\/\/ayrahorizons.cz\/en\/wp-json\/wp\/v2\/pages\/172\/revisions"}],"predecessor-version":[{"id":681,"href":"https:\/\/ayrahorizons.cz\/en\/wp-json\/wp\/v2\/pages\/172\/revisions\/681"}],"wp:attachment":[{"href":"https:\/\/ayrahorizons.cz\/en\/wp-json\/wp\/v2\/media?parent=172"}],"curies":[{"name":"wp","href":"https:\/\/api.w.org\/{rel}","templated":true}]}}