{"id":29,"date":"2025-11-10T23:51:23","date_gmt":"2025-11-10T22:51:23","guid":{"rendered":"https:\/\/ayrahorizons.cz\/?page_id=29"},"modified":"2026-03-21T21:42:15","modified_gmt":"2026-03-21T20:42:15","slug":"home","status":"publish","type":"page","link":"https:\/\/ayrahorizons.cz\/en\/","title":{"rendered":"Homepage"},"content":{"rendered":"\n[et_pb_section fb_built=&#8220;1&#8243; fullwidth=&#8220;on&#8220; admin_label=&#8220;Hero Section&#8220; _builder_version=&#8220;4.27.5&#8243; background_color=&#8220;RGBA(255,255,255,0)&#8220; parallax=&#8220;on&#8220; custom_padding=&#8220;0px|0px|0px|0px||&#8220; global_colors_info=&#8220;{}&#8220;][et_pb_fullwidth_header title=&#8220;Ayra horizons&#8220; scroll_down_icon=&#8220;%%2%%&#8220; scroll_down_icon_color=&#8220;#FFFFFF&#8220; scroll_down_icon_size=&#8220;32px&#8220; button_one_text=&#8220;prozkoumat plavby&#8220; button_one_url=&#8220;@ET-DC@eyJkeW5hbWljIjp0cnVlLCJjb250ZW50IjoicG9zdF9saW5rX3VybF9wYWdlIiwic2V0dGluZ3MiOnsicG9zdF9pZCI6IjY0In19@&#8220; background_overlay_color=&#8220;rgba(29,38,51,0.46)&#8220; admin_label=&#8220;Hero&#8220; _builder_version=&#8220;4.27.5&#8243; _dynamic_attributes=&#8220;button_one_url&#8220; _module_preset=&#8220;default&#8220; title_font_size=&#8220;70px&#8220; background_color=&#8220;RGBA(255,255,255,0)&#8220; background_image=&#8220;https:\/\/ayrahorizons.cz\/wp-content\/uploads\/2025\/12\/shutterstock_2109307901-scaled.jpg&#8220; background_blend=&#8220;soft-light&#8220; width=&#8220;100%&#8220; min_height=&#8220;809px&#8220; custom_margin=&#8220;|-21px||||&#8220; custom_padding=&#8220;|0px||||&#8220; button_one_text_color_hover=&#8220;#ffffff&#8220; button_one_border_color_hover=&#8220;#ffffff&#8220; button_one_border_radius_hover=&#8220;0px&#8220; button_one_letter_spacing_hover=&#8220;4px&#8220; button_one_bg_color_hover=&#8220;rgba(0,0,0,0)&#8220; global_colors_info=&#8220;{}&#8220;]<p>Objevte kouzlo norsk\u00fdch Lofot z paluby lodi.<\/p>[\/et_pb_fullwidth_header][\/et_pb_section][et_pb_section fb_built=&#8220;1&#8243; _builder_version=&#8220;4.16&#8243; background_color=&#8220;#f4f4f4&#8243; min_height=&#8220;1051px&#8220; custom_margin=&#8220;||-97px|||&#8220; custom_padding=&#8220;110px||110px|&#8220; global_colors_info=&#8220;{}&#8220;][et_pb_row column_structure=&#8220;1_2,1_2&#8243; _builder_version=&#8220;4.16&#8243; global_colors_info=&#8220;{}&#8220;][et_pb_column type=&#8220;1_2&#8243; _builder_version=&#8220;4.16&#8243; custom_padding=&#8220;|||&#8220; global_colors_info=&#8220;{}&#8220; custom_padding__hover=&#8220;|||&#8220;][et_pb_text admin_label=&#8220;Top Destination Title&#8220; _builder_version=&#8220;4.16&#8243; text_font=&#8220;||||&#8220; text_text_color=&#8220;#1a1a1a&#8220; header_font=&#8220;Oswald|on||on|&#8220; header_text_align=&#8220;left&#8220; header_font_size=&#8220;60px&#8220; header_line_height=&#8220;1.3em&#8220; custom_margin=&#8220;|||&#8220; custom_padding=&#8220;|||&#8220; animation_style=&#8220;slide&#8220; animation_direction=&#8220;top&#8220; animation_intensity_slide=&#8220;10%&#8220; locked=&#8220;off&#8220; global_colors_info=&#8220;{}&#8220;]<h1>NA\u0160E PLAVBY<\/h1>[\/et_pb_text][et_pb_divider color=&#8220;#ed4441&#8243; divider_position=&#8220;center&#8220; divider_weight=&#8220;3px&#8220; disabled_on=&#8220;off|off|off&#8220; _builder_version=&#8220;4.16&#8243; max_width=&#8220;150px&#8220; height=&#8220;false&#8220; animation_style=&#8220;slide&#8220; animation_direction=&#8220;top&#8220; animation_delay=&#8220;100ms&#8220; animation_intensity_slide=&#8220;10%&#8220; locked=&#8220;off&#8220; global_colors_info=&#8220;{}&#8220;][\/et_pb_divider][et_pb_text admin_label=&#8220;Top Destination Sub Title&#8220; _builder_version=&#8220;4.27.5&#8243; text_font=&#8220;Roboto||||&#8220; text_text_color=&#8220;#1a1a1a&#8220; text_font_size=&#8220;24px&#8220; text_line_height=&#8220;1.4em&#8220; custom_padding=&#8220;30px||0px|||&#8220; animation_style=&#8220;slide&#8220; animation_direction=&#8220;top&#8220; animation_delay=&#8220;200ms&#8220; animation_intensity_slide=&#8220;10%&#8220; locked=&#8220;off&#8220; global_colors_info=&#8220;{}&#8220;]<h2>Objevujeme m\u00edsta mimo hlavn\u00ed turistick\u00e9 trasy. Autenti\u010dt\u011bj\u0161\u00ed, klidn\u011bj\u0161\u00ed, nezapomenuteln\u00e1.<\/h2>[\/et_pb_text][\/et_pb_column][et_pb_column type=&#8220;1_2&#8243; _builder_version=&#8220;4.16&#8243; custom_padding=&#8220;|||&#8220; global_colors_info=&#8220;{}&#8220; custom_padding__hover=&#8220;|||&#8220;][et_pb_text admin_label=&#8220;Top Destination Text&#8220; _builder_version=&#8220;4.27.4&#8243; text_font=&#8220;Roboto||||&#8220; text_font_size=&#8220;16px&#8220; text_line_height=&#8220;1.9em&#8220; custom_padding=&#8220;||60px|&#8220; animation_style=&#8220;slide&#8220; animation_direction=&#8220;top&#8220; animation_intensity_slide=&#8220;4%&#8220; locked=&#8220;off&#8220; global_colors_info=&#8220;{}&#8220;]<p>Cestujeme v mal\u00fdch skupink\u00e1ch, co\u017e vytv\u00e1\u0159\u00ed p\u0159\u00e1telskou atmosf\u00e9ru a mo\u017enost p\u0159izp\u016fsobit program Va\u0161emu p\u0159\u00e1n\u00ed.\u00a0<\/p>\n<p>M\u00e1me mnohalet\u00e9 znalosti a zku\u0161enosti z oblasti Lofot a b\u011bhem pron\u00e1jmu na\u0161\u00ed lodi V\u00e1m uk\u00e1\u017eeme to nejlep\u0161\u00ed z nich.\u00a0<\/p>\n<p>A\u0165 se rozhodnete pozn\u00e1vat Lofoty, pozorovat velryby nebo se vydat na n\u00e1dhern\u00e9 skialpov\u00e9 svahy, na\u0161e lo\u010f v\u00e1m bude skv\u011blou z\u00e1kladnou v\u0161ech v\u00fdlet\u016f.<\/p>[\/et_pb_text][\/et_pb_column][\/et_pb_row][et_pb_row column_structure=&#8220;1_4,1_4,1_4,1_4&#8243; use_custom_gutter=&#8220;on&#8220; gutter_width=&#8220;1&#8243; make_equal=&#8220;on&#8220; admin_label=&#8220;Gallery&#8220; module_class=&#8220; et_pb_row_fullwidth&#8220; _builder_version=&#8220;4.27.4&#8243; _dynamic_attributes=&#8220;link_option_url&#8220; width=&#8220;100%&#8220; width_tablet=&#8220;100%&#8220; width_phone=&#8220;100%&#8220; width_last_edited=&#8220;on|desktop&#8220; max_width=&#8220;100%&#8220; max_width_tablet=&#8220;100%&#8220; max_width_phone=&#8220;100%&#8220; max_width_last_edited=&#8220;on|desktop&#8220; custom_padding=&#8220;3px||0px|||&#8220; link_option_url=&#8220;@ET-DC@eyJkeW5hbWljIjp0cnVlLCJjb250ZW50IjoicG9zdF9saW5rX3VybF9wYWdlIiwic2V0dGluZ3MiOnsicG9zdF9pZCI6IiJ9fQ==@&#8220; make_fullwidth=&#8220;on&#8220; global_colors_info=&#8220;{}&#8220;][et_pb_column type=&#8220;1_4&#8243; _builder_version=&#8220;4.16&#8243; custom_padding=&#8220;|||&#8220; global_colors_info=&#8220;{}&#8220; custom_padding__hover=&#8220;|||&#8220;][et_pb_image src=&#8220;https:\/\/ayrahorizons.cz\/wp-content\/uploads\/2025\/12\/letni-lofoty-1080x1350px-2.png&#8220; alt=&#8220;Letn\u00ed plavby na Lofotech&#8220; title_text=&#8220;Letn\u00ed plavby na Lofotech&#8220; url=&#8220;@ET-DC@eyJkeW5hbWljIjp0cnVlLCJjb250ZW50IjoicG9zdF9saW5rX3VybF9wYWdlIiwic2V0dGluZ3MiOnsicG9zdF9pZCI6IjI0NiJ9fQ==@&#8220; force_fullwidth=&#8220;on&#8220; align_tablet=&#8220;center&#8220; align_phone=&#8220;center&#8220; align_last_edited=&#8220;on|desktop&#8220; _builder_version=&#8220;4.27.5&#8243; _dynamic_attributes=&#8220;url&#8220; custom_margin=&#8220;||-34px|||&#8220; animation_style=&#8220;zoom&#8220; animation_intensity_zoom=&#8220;10%&#8220; global_colors_info=&#8220;{}&#8220;][\/et_pb_image][\/et_pb_column][et_pb_column type=&#8220;1_4&#8243; _builder_version=&#8220;4.16&#8243; custom_padding=&#8220;|||&#8220; global_colors_info=&#8220;{}&#8220; custom_padding__hover=&#8220;|||&#8220;][et_pb_image src=&#8220;https:\/\/ayrahorizons.cz\/wp-content\/uploads\/2025\/12\/velryby-pripravujeme-1080x1350px-1.png&#8220; alt=&#8220;Pozorov\u00e1n\u00ed velryb a keporkak\u016f v Norsku&#8220; title_text=&#8220;Pozorov\u00e1n\u00ed velryb a keporkak\u016f v Norsku&#8220; url=&#8220;@ET-DC@eyJkeW5hbWljIjp0cnVlLCJjb250ZW50IjoicG9zdF9saW5rX3VybF9wYWdlIiwic2V0dGluZ3MiOnsicG9zdF9pZCI6IjQwMSJ9fQ==@&#8220; force_fullwidth=&#8220;on&#8220; align_tablet=&#8220;center&#8220; align_phone=&#8220;center&#8220; align_last_edited=&#8220;on|desktop&#8220; _builder_version=&#8220;4.27.5&#8243; _dynamic_attributes=&#8220;url&#8220; animation_style=&#8220;zoom&#8220; animation_delay=&#8220;100ms&#8220; animation_intensity_zoom=&#8220;10%&#8220; locked=&#8220;off&#8220; global_colors_info=&#8220;{}&#8220;][\/et_pb_image][\/et_pb_column][et_pb_column type=&#8220;1_4&#8243; _builder_version=&#8220;4.16&#8243; custom_padding=&#8220;|||&#8220; global_colors_info=&#8220;{}&#8220; custom_padding__hover=&#8220;|||&#8220;][et_pb_image src=&#8220;https:\/\/ayrahorizons.cz\/wp-content\/uploads\/2025\/12\/ski-sail-pripravujeme-1080x1350px-1.png&#8220; alt=&#8220;Ski &#038; Sail na Lofotech&#8220; title_text=&#8220;Ski &#038; Sail na Lofotech&#8220; force_fullwidth=&#8220;on&#8220; align_tablet=&#8220;center&#8220; align_phone=&#8220;center&#8220; align_last_edited=&#8220;on|desktop&#8220; _builder_version=&#8220;4.27.5&#8243; animation_style=&#8220;zoom&#8220; animation_delay=&#8220;200ms&#8220; animation_intensity_zoom=&#8220;10%&#8220; locked=&#8220;off&#8220; global_colors_info=&#8220;{}&#8220;][\/et_pb_image][\/et_pb_column][et_pb_column type=&#8220;1_4&#8243; _builder_version=&#8220;4.16&#8243; custom_padding=&#8220;|||&#8220; global_colors_info=&#8220;{}&#8220; custom_padding__hover=&#8220;|||&#8220;][et_pb_image src=&#8220;https:\/\/ayrahorizons.cz\/wp-content\/uploads\/2025\/12\/potapeni-pripravujeme-1080x1350px-2.png&#8220; alt=&#8220;Pot\u00e1p\u011bn\u00ed na Lofotech&#8220; title_text=&#8220;Pot\u00e1p\u011bn\u00ed na Lofotech&#8220; force_fullwidth=&#8220;on&#8220; align_tablet=&#8220;center&#8220; align_phone=&#8220;center&#8220; align_last_edited=&#8220;on|desktop&#8220; _builder_version=&#8220;4.27.5&#8243; animation_style=&#8220;zoom&#8220; animation_delay=&#8220;300ms&#8220; animation_intensity_zoom=&#8220;10%&#8220; locked=&#8220;off&#8220; global_colors_info=&#8220;{}&#8220;][\/et_pb_image][\/et_pb_column][\/et_pb_row][\/et_pb_section][et_pb_section fb_built=&#8220;1&#8243; _builder_version=&#8220;4.27.4&#8243; _module_preset=&#8220;default&#8220; custom_margin=&#8220;-25px|||||&#8220; custom_padding=&#8220;62px|||||&#8220; global_colors_info=&#8220;{}&#8220;][et_pb_row column_structure=&#8220;1_2,1_2&#8243; use_custom_gutter=&#8220;on&#8220; gutter_width=&#8220;1&#8243; make_equal=&#8220;on&#8220; module_class=&#8220; et_pb_row_fullwidth&#8220; _builder_version=&#8220;4.27.5&#8243; width=&#8220;100%&#8220; width_tablet=&#8220;100%&#8220; width_phone=&#8220;100%&#8220; width_last_edited=&#8220;on|desktop&#8220; max_width=&#8220;100%&#8220; max_width_tablet=&#8220;100%&#8220; max_width_phone=&#8220;100%&#8220; max_width_last_edited=&#8220;on|desktop&#8220; min_height=&#8220;708.7px&#8220; custom_margin=&#8220;|auto|-134px|auto||&#8220; custom_padding=&#8220;6px||74px|||&#8220; make_fullwidth=&#8220;on&#8220; global_colors_info=&#8220;{}&#8220;][et_pb_column type=&#8220;1_2&#8243; _builder_version=&#8220;4.27.4&#8243; background_color=&#8220;#FFFFFF&#8220; background_enable_image=&#8220;off&#8220; background_size=&#8220;contain&#8220; custom_padding=&#8220;|||&#8220; global_colors_info=&#8220;{}&#8220; custom_padding__hover=&#8220;|||&#8220;][et_pb_image src=&#8220;https:\/\/ayrahorizons.cz\/wp-content\/uploads\/2025\/11\/file-1-1920.webp&#8220; alt=&#8220;Lo\u010f Nonoah&#8220; title_text=&#8220;Nonoah lo\u010f&#8220; url=&#8220;@ET-DC@eyJkeW5hbWljIjp0cnVlLCJjb250ZW50IjoicG9zdF9saW5rX3VybF9wYWdlIiwic2V0dGluZ3MiOnsicG9zdF9pZCI6IjEzOSJ9fQ==@&#8220; _builder_version=&#8220;4.27.4&#8243; _dynamic_attributes=&#8220;url&#8220; _module_preset=&#8220;default&#8220; custom_margin=&#8220;20px|20px|20px|20px|false|false&#8220; global_colors_info=&#8220;{}&#8220;][\/et_pb_image][\/et_pb_column][et_pb_column type=&#8220;1_2&#8243; _builder_version=&#8220;4.27.5&#8243; use_background_color_gradient=&#8220;on&#8220; background_color_gradient_stops=&#8220;#ffffff 0%|rgba(255,255,255,0.85) 50%&#8220; background_color_gradient_start=&#8220;#ffffff&#8220; background_color_gradient_end=&#8220;rgba(255,255,255,0.85)&#8220; background_color_gradient_end_position=&#8220;50%&#8220; custom_padding=&#8220;0%|5%|4%|3%|false|false&#8220; global_colors_info=&#8220;{}&#8220; custom_padding__hover=&#8220;|||&#8220;][et_pb_text admin_label=&#8220;Look Inside Title&#8220; _builder_version=&#8220;4.27.5&#8243; text_font=&#8220;||||&#8220; text_text_color=&#8220;#1a1a1a&#8220; header_font=&#8220;Oswald|on||on|&#8220; header_text_align=&#8220;left&#8220; header_font_size=&#8220;60px&#8220; header_line_height=&#8220;1.3em&#8220; max_width=&#8220;450px&#8220; custom_margin=&#8220;auto||||false|false&#8220; custom_padding=&#8220;|||&#8220; animation_style=&#8220;slide&#8220; animation_direction=&#8220;top&#8220; animation_intensity_slide=&#8220;10%&#8220; locked=&#8220;off&#8220; global_colors_info=&#8220;{}&#8220;]<h1>na\u0161e lo\u010f<\/h1>[\/et_pb_text][et_pb_divider color=&#8220;#ed4441&#8243; divider_position=&#8220;center&#8220; divider_weight=&#8220;3px&#8220; disabled_on=&#8220;off|off|off&#8220; _builder_version=&#8220;4.16&#8243; max_width=&#8220;150px&#8220; height=&#8220;false&#8220; custom_margin=&#8220;30px|||&#8220; animation_style=&#8220;slide&#8220; animation_direction=&#8220;top&#8220; animation_delay=&#8220;100ms&#8220; animation_intensity_slide=&#8220;10%&#8220; locked=&#8220;off&#8220; global_colors_info=&#8220;{}&#8220;][\/et_pb_divider][et_pb_text admin_label=&#8220;Look Inside Sub Title&#8220; _builder_version=&#8220;4.27.5&#8243; text_font=&#8220;Roboto||||&#8220; text_text_color=&#8220;#1a1a1a&#8220; text_font_size=&#8220;24px&#8220; text_line_height=&#8220;1.4em&#8220; max_width=&#8220;450px&#8220; custom_padding=&#8220;30px|||&#8220; animation_style=&#8220;slide&#8220; animation_direction=&#8220;top&#8220; animation_delay=&#8220;200ms&#8220; animation_intensity_slide=&#8220;10%&#8220; locked=&#8220;off&#8220; global_colors_info=&#8220;{}&#8220;]<h2>Poplujeme na 15 metrov\u00e9 motorov\u00e9 lodi Nonoah s prostorn\u00fdm vnit\u0159n\u00edm sal\u00f3nem.<\/h2>[\/et_pb_text][et_pb_text admin_label=&#8220;Look Inside Text&#8220; _builder_version=&#8220;4.27.5&#8243; text_font=&#8220;Roboto||||&#8220; text_font_size=&#8220;16px&#8220; text_line_height=&#8220;1.9em&#8220; max_width=&#8220;450px&#8220; min_height=&#8220;271px&#8220; custom_margin=&#8220;60|||&#8220; custom_padding=&#8220;||31px|||&#8220; animation_style=&#8220;slide&#8220; animation_direction=&#8220;top&#8220; animation_delay=&#8220;400ms&#8220; animation_intensity_slide=&#8220;4%&#8220; locked=&#8220;off&#8220; global_colors_info=&#8220;{}&#8220;]<p>Lo\u010f NONOAH nab\u00edz\u00ed perfektn\u00ed z\u00e1zem\u00ed pro pozn\u00e1v\u00e1n\u00ed severn\u00edho Norska.<\/p>\n<ul>\n<li>motorov\u00e1 lo\u010f (typ Motomar 44 Aft Cabin) se dv\u011bma motory, ka\u017ed\u00fd o v\u00fdkonu 425 HP,<\/li>\n<li>prostorn\u00fd vnit\u0159n\u00ed sal\u00f3n s v\u00fdkonn\u00fdm topen\u00edm a prosklen\u00edm pro n\u00e1dhern\u00e9 v\u00fdhledy,<\/li>\n<li>2 \u00fatuln\u00e9 kajuty (celkem pro 6 pasa\u017e\u00e9r\u016f, 2 kajuty po 3 osob\u00e1ch),<\/li>\n<li>2x WC s vlastn\u00ed sprchou.<\/li>\n<\/ul>[\/et_pb_text][et_pb_button button_url=&#8220;@ET-DC@eyJkeW5hbWljIjp0cnVlLCJjb250ZW50IjoicG9zdF9saW5rX3VybF9wYWdlIiwic2V0dGluZ3MiOnsicG9zdF9pZCI6IjEzOSJ9fQ==@&#8220; button_text=&#8220;Prohl\u00e9dnout lo\u010f&#8220; button_alignment=&#8220;left&#8220; admin_label=&#8220;Gallery Button&#8220; _builder_version=&#8220;4.27.5&#8243; _dynamic_attributes=&#8220;button_url&#8220; custom_button=&#8220;on&#8220; button_text_color=&#8220;#1a1a1a&#8220; button_border_radius=&#8220;0px&#8220; button_letter_spacing=&#8220;4px&#8220; button_font=&#8220;Oswald|on||on|&#8220; button_icon=&#8220;&#x24;||divi||400&#8243; button_icon_color=&#8220;#1a1a1a&#8220; button_border_color_hover=&#8220;#1a1a1a&#8220; button_border_radius_hover=&#8220;0px&#8220; button_letter_spacing_hover=&#8220;4px&#8220; button_bg_color_hover=&#8220;rgba(0,0,0,0)&#8220; locked=&#8220;off&#8220; global_colors_info=&#8220;{}&#8220; button_text_size__hover_enabled=&#8220;off&#8220; button_one_text_size__hover_enabled=&#8220;off&#8220; button_two_text_size__hover_enabled=&#8220;off&#8220; button_text_color__hover_enabled=&#8220;off&#8220; button_one_text_color__hover_enabled=&#8220;off&#8220; button_two_text_color__hover_enabled=&#8220;off&#8220; button_border_width__hover_enabled=&#8220;off&#8220; button_one_border_width__hover_enabled=&#8220;off&#8220; button_two_border_width__hover_enabled=&#8220;off&#8220; button_border_color__hover_enabled=&#8220;on&#8220; button_border_color__hover=&#8220;#1a1a1a&#8220; button_one_border_color__hover_enabled=&#8220;off&#8220; button_two_border_color__hover_enabled=&#8220;off&#8220; button_border_radius__hover_enabled=&#8220;on&#8220; button_border_radius__hover=&#8220;0px&#8220; button_one_border_radius__hover_enabled=&#8220;off&#8220; button_two_border_radius__hover_enabled=&#8220;off&#8220; button_letter_spacing__hover_enabled=&#8220;on&#8220; button_letter_spacing__hover=&#8220;4px&#8220; button_one_letter_spacing__hover_enabled=&#8220;off&#8220; button_two_letter_spacing__hover_enabled=&#8220;off&#8220; button_bg_color__hover_enabled=&#8220;on&#8220; button_bg_color__hover=&#8220;rgba(0,0,0,0)&#8220; button_one_bg_color__hover_enabled=&#8220;off&#8220; button_two_bg_color__hover_enabled=&#8220;off&#8220;][\/et_pb_button][\/et_pb_column][\/et_pb_row][\/et_pb_section]\n","protected":false},"excerpt":{"rendered":"<p>Plavby na Lofotech a v severn\u00edm Norsku. V l\u00e9t\u011b za turistikou, na podzim za velrybami, v zim\u011b na skialpy. Vydejte se s n\u00e1mi!<\/p>","protected":false},"author":1,"featured_media":202,"parent":0,"menu_order":0,"comment_status":"closed","ping_status":"closed","template":"","meta":{"_et_pb_use_builder":"on","_et_pb_old_content":"","_et_gb_content_width":"","footnotes":""},"class_list":["post-29","page","type-page","status-publish","has-post-thumbnail","hentry"],"yoast_head":"<!-- This site is optimized with the Yoast SEO plugin v27.3 - https:\/\/yoast.com\/product\/yoast-seo-wordpress\/ -->\n<title>Ayra Horizons | Ayra Horizons<\/title>\n<meta name=\"description\" content=\"Plavby na Lofotech a v severn\u00edm Norsku. V l\u00e9t\u011b za turistikou, na podzim za velrybami, v zim\u011b na skialpy. Vydejte se s n\u00e1mi!\" \/>\n<meta name=\"robots\" content=\"index, follow, max-snippet:-1, max-image-preview:large, max-video-preview:-1\" \/>\n<link rel=\"canonical\" href=\"https:\/\/ayrahorizons.cz\/en\/\" \/>\n<meta property=\"og:locale\" content=\"en_GB\" \/>\n<meta property=\"og:type\" content=\"article\" \/>\n<meta property=\"og:title\" content=\"Ayra Horizons | Ayra Horizons\" \/>\n<meta property=\"og:description\" content=\"Plavby na Lofotech a v severn\u00edm Norsku. V l\u00e9t\u011b za turistikou, na podzim za velrybami, v zim\u011b na skialpy. Vydejte se s n\u00e1mi!\" \/>\n<meta property=\"og:url\" content=\"https:\/\/ayrahorizons.cz\/en\/\" \/>\n<meta property=\"og:site_name\" content=\"Ayra Horizons\" \/>\n<meta property=\"article:publisher\" content=\"https:\/\/www.facebook.com\/ayrahorizons\" \/>\n<meta property=\"article:modified_time\" content=\"2026-03-21T20:42:15+00:00\" \/>\n<meta property=\"og:image\" content=\"https:\/\/ayrahorizons.cz\/wp-content\/uploads\/2025\/11\/file-1-1920.webp\" \/>\n\t<meta property=\"og:image:width\" content=\"1920\" \/>\n\t<meta property=\"og:image:height\" content=\"1180\" \/>\n\t<meta property=\"og:image:type\" content=\"image\/webp\" \/>\n<meta name=\"twitter:card\" content=\"summary_large_image\" \/>\n<meta name=\"twitter:label1\" content=\"Estimated reading time\" \/>\n\t<meta name=\"twitter:data1\" content=\"2 minutes\" \/>\n<script type=\"application\/ld+json\" class=\"yoast-schema-graph\">{\"@context\":\"https:\\\/\\\/schema.org\",\"@graph\":[{\"@type\":\"WebPage\",\"@id\":\"https:\\\/\\\/ayrahorizons.cz\\\/\",\"url\":\"https:\\\/\\\/ayrahorizons.cz\\\/\",\"name\":\"Ayra Horizons | Ayra Horizons\",\"isPartOf\":{\"@id\":\"https:\\\/\\\/ayrahorizons.cz\\\/#website\"},\"primaryImageOfPage\":{\"@id\":\"https:\\\/\\\/ayrahorizons.cz\\\/#primaryimage\"},\"image\":{\"@id\":\"https:\\\/\\\/ayrahorizons.cz\\\/#primaryimage\"},\"thumbnailUrl\":\"https:\\\/\\\/ayrahorizons.cz\\\/wp-content\\\/uploads\\\/2025\\\/11\\\/file-1-1920.webp\",\"datePublished\":\"2025-11-10T22:51:23+00:00\",\"dateModified\":\"2026-03-21T20:42:15+00:00\",\"description\":\"Plavby na Lofotech a v severn\u00edm Norsku. V l\u00e9t\u011b za turistikou, na podzim za velrybami, v zim\u011b na skialpy. Vydejte se s n\u00e1mi!\",\"breadcrumb\":{\"@id\":\"https:\\\/\\\/ayrahorizons.cz\\\/#breadcrumb\"},\"inLanguage\":\"en-GB\",\"potentialAction\":[{\"@type\":\"ReadAction\",\"target\":[\"https:\\\/\\\/ayrahorizons.cz\\\/\"]}]},{\"@type\":\"ImageObject\",\"inLanguage\":\"en-GB\",\"@id\":\"https:\\\/\\\/ayrahorizons.cz\\\/#primaryimage\",\"url\":\"https:\\\/\\\/ayrahorizons.cz\\\/wp-content\\\/uploads\\\/2025\\\/11\\\/file-1-1920.webp\",\"contentUrl\":\"https:\\\/\\\/ayrahorizons.cz\\\/wp-content\\\/uploads\\\/2025\\\/11\\\/file-1-1920.webp\",\"width\":1920,\"height\":1180,\"caption\":\"Lo\u010f Nonoah\"},{\"@type\":\"BreadcrumbList\",\"@id\":\"https:\\\/\\\/ayrahorizons.cz\\\/#breadcrumb\",\"itemListElement\":[{\"@type\":\"ListItem\",\"position\":1,\"name\":\"Dom\u016f\",\"item\":\"https:\\\/\\\/ayrahorizons.cz\\\/\"},{\"@type\":\"ListItem\",\"position\":2,\"name\":\"Homepage\"}]},{\"@type\":\"WebSite\",\"@id\":\"https:\\\/\\\/ayrahorizons.cz\\\/#website\",\"url\":\"https:\\\/\\\/ayrahorizons.cz\\\/\",\"name\":\"Ayra Horizons - Plavby na Lofotech a v severn\u00edm Norsku\",\"description\":\"Plavby na Lofotech a v severn\u00edm Norsku\",\"publisher\":{\"@id\":\"https:\\\/\\\/ayrahorizons.cz\\\/#organization\"},\"alternateName\":\"Ayra Horizons\",\"potentialAction\":[{\"@type\":\"SearchAction\",\"target\":{\"@type\":\"EntryPoint\",\"urlTemplate\":\"https:\\\/\\\/ayrahorizons.cz\\\/?s={search_term_string}\"},\"query-input\":{\"@type\":\"PropertyValueSpecification\",\"valueRequired\":true,\"valueName\":\"search_term_string\"}}],\"inLanguage\":\"en-GB\"},{\"@type\":\"Organization\",\"@id\":\"https:\\\/\\\/ayrahorizons.cz\\\/#organization\",\"name\":\"Ayra Horizons\",\"url\":\"https:\\\/\\\/ayrahorizons.cz\\\/\",\"logo\":{\"@type\":\"ImageObject\",\"inLanguage\":\"en-GB\",\"@id\":\"https:\\\/\\\/ayrahorizons.cz\\\/#\\\/schema\\\/logo\\\/image\\\/\",\"url\":\"https:\\\/\\\/ayrahorizons.cz\\\/wp-content\\\/uploads\\\/2025\\\/12\\\/cropped-AYRA_horizons_icon.png\",\"contentUrl\":\"https:\\\/\\\/ayrahorizons.cz\\\/wp-content\\\/uploads\\\/2025\\\/12\\\/cropped-AYRA_horizons_icon.png\",\"width\":512,\"height\":512,\"caption\":\"Ayra Horizons\"},\"image\":{\"@id\":\"https:\\\/\\\/ayrahorizons.cz\\\/#\\\/schema\\\/logo\\\/image\\\/\"},\"sameAs\":[\"https:\\\/\\\/www.facebook.com\\\/ayrahorizons\",\"https:\\\/\\\/www.instagram.com\\\/ayrahorizons\\\/\"]}]}<\/script>\n<!-- \/ Yoast SEO plugin. -->","yoast_head_json":{"title":"Ayra Horizons | Ayra Horizons","description":"Plavby na Lofotech a v severn\u00edm Norsku. V l\u00e9t\u011b za turistikou, na podzim za velrybami, v zim\u011b na skialpy. Vydejte se s n\u00e1mi!","robots":{"index":"index","follow":"follow","max-snippet":"max-snippet:-1","max-image-preview":"max-image-preview:large","max-video-preview":"max-video-preview:-1"},"canonical":"https:\/\/ayrahorizons.cz\/en\/","og_locale":"en_GB","og_type":"article","og_title":"Ayra Horizons | Ayra Horizons","og_description":"Plavby na Lofotech a v severn\u00edm Norsku. V l\u00e9t\u011b za turistikou, na podzim za velrybami, v zim\u011b na skialpy. Vydejte se s n\u00e1mi!","og_url":"https:\/\/ayrahorizons.cz\/en\/","og_site_name":"Ayra Horizons","article_publisher":"https:\/\/www.facebook.com\/ayrahorizons","article_modified_time":"2026-03-21T20:42:15+00:00","og_image":[{"width":1920,"height":1180,"url":"https:\/\/ayrahorizons.cz\/wp-content\/uploads\/2025\/11\/file-1-1920.webp","type":"image\/webp"}],"twitter_card":"summary_large_image","twitter_misc":{"Estimated reading time":"2 minutes"},"schema":{"@context":"https:\/\/schema.org","@graph":[{"@type":"WebPage","@id":"https:\/\/ayrahorizons.cz\/","url":"https:\/\/ayrahorizons.cz\/","name":"Ayra Horizons | Ayra Horizons","isPartOf":{"@id":"https:\/\/ayrahorizons.cz\/#website"},"primaryImageOfPage":{"@id":"https:\/\/ayrahorizons.cz\/#primaryimage"},"image":{"@id":"https:\/\/ayrahorizons.cz\/#primaryimage"},"thumbnailUrl":"https:\/\/ayrahorizons.cz\/wp-content\/uploads\/2025\/11\/file-1-1920.webp","datePublished":"2025-11-10T22:51:23+00:00","dateModified":"2026-03-21T20:42:15+00:00","description":"Plavby na Lofotech a v severn\u00edm Norsku. V l\u00e9t\u011b za turistikou, na podzim za velrybami, v zim\u011b na skialpy. Vydejte se s n\u00e1mi!","breadcrumb":{"@id":"https:\/\/ayrahorizons.cz\/#breadcrumb"},"inLanguage":"en-GB","potentialAction":[{"@type":"ReadAction","target":["https:\/\/ayrahorizons.cz\/"]}]},{"@type":"ImageObject","inLanguage":"en-GB","@id":"https:\/\/ayrahorizons.cz\/#primaryimage","url":"https:\/\/ayrahorizons.cz\/wp-content\/uploads\/2025\/11\/file-1-1920.webp","contentUrl":"https:\/\/ayrahorizons.cz\/wp-content\/uploads\/2025\/11\/file-1-1920.webp","width":1920,"height":1180,"caption":"Lo\u010f Nonoah"},{"@type":"BreadcrumbList","@id":"https:\/\/ayrahorizons.cz\/#breadcrumb","itemListElement":[{"@type":"ListItem","position":1,"name":"Dom\u016f","item":"https:\/\/ayrahorizons.cz\/"},{"@type":"ListItem","position":2,"name":"Homepage"}]},{"@type":"WebSite","@id":"https:\/\/ayrahorizons.cz\/#website","url":"https:\/\/ayrahorizons.cz\/","name":"Ayra Horizons - Plavby na Lofotech a v severn\u00edm Norsku","description":"Plavby na Lofotech a v severn\u00edm Norsku","publisher":{"@id":"https:\/\/ayrahorizons.cz\/#organization"},"alternateName":"Ayra Horizons","potentialAction":[{"@type":"SearchAction","target":{"@type":"EntryPoint","urlTemplate":"https:\/\/ayrahorizons.cz\/?s={search_term_string}"},"query-input":{"@type":"PropertyValueSpecification","valueRequired":true,"valueName":"search_term_string"}}],"inLanguage":"en-GB"},{"@type":"Organization","@id":"https:\/\/ayrahorizons.cz\/#organization","name":"Ayra Horizons","url":"https:\/\/ayrahorizons.cz\/","logo":{"@type":"ImageObject","inLanguage":"en-GB","@id":"https:\/\/ayrahorizons.cz\/#\/schema\/logo\/image\/","url":"https:\/\/ayrahorizons.cz\/wp-content\/uploads\/2025\/12\/cropped-AYRA_horizons_icon.png","contentUrl":"https:\/\/ayrahorizons.cz\/wp-content\/uploads\/2025\/12\/cropped-AYRA_horizons_icon.png","width":512,"height":512,"caption":"Ayra Horizons"},"image":{"@id":"https:\/\/ayrahorizons.cz\/#\/schema\/logo\/image\/"},"sameAs":["https:\/\/www.facebook.com\/ayrahorizons","https:\/\/www.instagram.com\/ayrahorizons\/"]}]}},"_links":{"self":[{"href":"https:\/\/ayrahorizons.cz\/en\/wp-json\/wp\/v2\/pages\/29","targetHints":{"allow":["GET"]}}],"collection":[{"href":"https:\/\/ayrahorizons.cz\/en\/wp-json\/wp\/v2\/pages"}],"about":[{"href":"https:\/\/ayrahorizons.cz\/en\/wp-json\/wp\/v2\/types\/page"}],"author":[{"embeddable":true,"href":"https:\/\/ayrahorizons.cz\/en\/wp-json\/wp\/v2\/users\/1"}],"replies":[{"embeddable":true,"href":"https:\/\/ayrahorizons.cz\/en\/wp-json\/wp\/v2\/comments?post=29"}],"version-history":[{"count":39,"href":"https:\/\/ayrahorizons.cz\/en\/wp-json\/wp\/v2\/pages\/29\/revisions"}],"predecessor-version":[{"id":951,"href":"https:\/\/ayrahorizons.cz\/en\/wp-json\/wp\/v2\/pages\/29\/revisions\/951"}],"wp:featuredmedia":[{"embeddable":true,"href":"https:\/\/ayrahorizons.cz\/en\/wp-json\/wp\/v2\/media\/202"}],"wp:attachment":[{"href":"https:\/\/ayrahorizons.cz\/en\/wp-json\/wp\/v2\/media?parent=29"}],"curies":[{"name":"wp","href":"https:\/\/api.w.org\/{rel}","templated":true}]}}