{"id":3,"date":"2025-11-04T22:07:21","date_gmt":"2025-11-04T21:07:21","guid":{"rendered":"https:\/\/ayrahorizons.cz\/?page_id=3"},"modified":"2025-12-13T23:25:31","modified_gmt":"2025-12-13T22:25:31","slug":"ochrana-osobnich-udaju","status":"publish","type":"page","link":"https:\/\/ayrahorizons.cz\/en\/ochrana-osobnich-udaju\/","title":{"rendered":"Z\u00e1sady ochrany osobn\u00edch \u00fadaj\u016f"},"content":{"rendered":"[et_pb_section admin_label=&#8220;section&#8220;]\n\t\t\t[et_pb_row admin_label=&#8220;row&#8220;]\n\t\t\t\t[et_pb_column type=&#8220;4_4&#8243;][et_pb_text admin_label=&#8220;Text&#8220;]\n<h2 class=\"wp-block-heading\"><strong>Z\u00e1sady ochrany osobn\u00edch \u00fadaj\u016f<\/strong><\/h2>\n\n\n\n<h2 class=\"wp-block-heading\"><strong>Kdo jsme<\/strong><\/h2>\n\n\n\n<p>Na\u0161e webov\u00e1 adresa je: https:\/\/ayrahorizons.cz. Spr\u00e1vcem osobn\u00edch \u00fadaj\u016f je spole\u010dnost <strong>Ayra Horizons, s.r.o.<\/strong> (d\u00e1le jen \u201espr\u00e1vce\u201c). Spr\u00e1vce db\u00e1 na ochranu osobn\u00edch \u00fadaj\u016f n\u00e1v\u0161t\u011bvn\u00edk\u016f webov\u00fdch str\u00e1nek a zaji\u0161\u0165uje jejich zpracov\u00e1n\u00ed v souladu s platn\u00fdmi pr\u00e1vn\u00edmi p\u0159edpisy, zejm\u00e9na s <strong>Na\u0159\u00edzen\u00edm (EU) 2016\/679 (GDPR)<\/strong>.<\/p>\n\n\n\n<h2 class=\"wp-block-heading\"><strong>Jak\u00e9 \u00fadaje zpracov\u00e1v\u00e1me<\/strong><\/h2>\n\n\n\n<p>P\u0159i n\u00e1v\u0161t\u011bv\u011b na\u0161ich webov\u00fdch str\u00e1nek mohou b\u00fdt automaticky shroma\u017e\u010fov\u00e1ny n\u00e1sleduj\u00edc\u00ed \u00fadaje:<\/p>\n\n\n\n<ul class=\"wp-block-list\">\n<li>IP adresa a typ za\u0159\u00edzen\u00ed<\/li>\n\n\n\n<li>typ a verze prohl\u00ed\u017ee\u010de<\/li>\n\n\n\n<li>informace o n\u00e1v\u0161t\u011bv\u011b (nav\u0161t\u00edven\u00e9 str\u00e1nky, \u010das str\u00e1ven\u00fd na webu, zdroj n\u00e1v\u0161t\u011bvy)<\/li>\n\n\n\n<li>cookies a podobn\u00e9 technologie<\/li>\n<\/ul>\n\n\n\n<p>Tyto \u00fadaje n\u00e1m pom\u00e1haj\u00ed analyzovat n\u00e1v\u0161t\u011bvnost webu a zlep\u0161ovat na\u0161e slu\u017eby.<\/p>\n\n\n\n<p>D\u00e1le p\u0159i vypln\u011bn\u00ed <strong>kontaktn\u00edho formul\u00e1\u0159e <\/strong>uveden\u00e9ho na webu shroma\u017e\u010fujeme tyto \u00fadaje:<\/p>\n\n\n\n<ul class=\"wp-block-list\">\n<li>jm\u00e9no<\/li>\n\n\n\n<li>e\u2011mail<\/li>\n\n\n\n<li>telefon<\/li>\n\n\n\n<li>text zpr\u00e1vy<\/li>\n<\/ul>\n\n\n\n<h2 class=\"wp-block-heading\"><strong>\u00da\u010dely zpracov\u00e1n\u00ed<\/strong><\/h2>\n\n\n\n<p>Va\u0161e \u00fadaje zpracov\u00e1v\u00e1me za \u00fa\u010delem:<\/p>\n\n\n\n<ul class=\"wp-block-list\">\n<li><strong>Anal\u00fdzy n\u00e1v\u0161t\u011bvnosti<\/strong> prost\u0159ednictv\u00edm slu\u017eby <strong>Google Analytics<\/strong><\/li>\n\n\n\n<li><strong>Remarketingu a c\u00edlen\u00e9 reklamy<\/strong> prost\u0159ednictv\u00edm slu\u017eby <strong>Seznam.cz a Google Ads<\/strong><\/li>\n\n\n\n<li>Zaji\u0161t\u011bn\u00ed bezpe\u010dnosti a spr\u00e1vn\u00e9ho fungov\u00e1n\u00ed webu<\/li>\n<\/ul>\n\n\n\n<h2 class=\"wp-block-heading\"><strong>Cookies<\/strong><\/h2>\n\n\n\n<p>Na na\u0161em webu pou\u017e\u00edv\u00e1me cookies, kter\u00e9 n\u00e1m umo\u017e\u0148uj\u00ed:<\/p>\n\n\n\n<ul class=\"wp-block-list\">\n<li>m\u011b\u0159it v\u00fdkon webu<\/li>\n\n\n\n<li>p\u0159izp\u016fsobovat obsah a reklamu va\u0161im z\u00e1jm\u016fm<\/li>\n\n\n\n<li>zlep\u0161ovat u\u017eivatelsk\u00fd z\u00e1\u017eitek<\/li>\n<\/ul>\n\n\n\n<p>Cookies m\u016f\u017eete kdykoli odm\u00edtnout nebo nastavit prost\u0159ednictv\u00edm sv\u00e9ho internetov\u00e9ho prohl\u00ed\u017ee\u010de.<\/p>\n\n\n\n<h2 class=\"wp-block-heading\"><strong>Sd\u00edlen\u00ed \u00fadaj\u016f<\/strong><\/h2>\n\n\n\n<p>Va\u0161e \u00fadaje mohou b\u00fdt p\u0159ed\u00e1v\u00e1ny poskytovatel\u016fm analytick\u00fdch a reklamn\u00edch slu\u017eeb:<\/p>\n\n\n\n<ul class=\"wp-block-list\">\n<li><strong>Google Ireland Limited<\/strong> (Google Analytics, Google Ads)<\/li>\n\n\n\n<li><strong>Seznam.cz, a.s.<\/strong> (remarketingov\u00e9 slu\u017eby)<\/li>\n<\/ul>\n\n\n\n<p>Tyto spole\u010dnosti mohou kombinovat \u00fadaje z\u00edskan\u00e9 z na\u0161eho webu s dal\u0161\u00edmi informacemi, kter\u00e9 jim poskytnete nebo kter\u00e9 z\u00edskaj\u00ed p\u0159i pou\u017e\u00edv\u00e1n\u00ed jejich slu\u017eeb.<\/p>\n\n\n\n<h2 class=\"wp-block-heading\"><strong>Doba uchov\u00e1v\u00e1n\u00ed \u00fadaj\u016f<\/strong><\/h2>\n\n\n\n<ul class=\"wp-block-list\">\n<li>\u00dadaje z kontaktn\u00edho formul\u00e1\u0159e uchov\u00e1v\u00e1me po dobu nezbytn\u011b nutnou k vy\u0159\u00edzen\u00ed va\u0161\u00ed zpr\u00e1vy a n\u00e1sledn\u00e9 komunikace, nejd\u00e9le v\u0161ak <strong>48 m\u011bs\u00edc\u016f<\/strong> od jejich zasl\u00e1n\u00ed.<\/li>\n\n\n\n<li>\u00dadaje z cookies a analytick\u00fdch n\u00e1stroj\u016f jsou uchov\u00e1v\u00e1ny podle nastaven\u00ed jednotliv\u00fdch slu\u017eeb (Google Analytics, Seznam.cz), zpravidla po dobu <strong>13 m\u011bs\u00edc\u016f<\/strong>.<\/li>\n<\/ul>\n\n\n\n<h2 class=\"wp-block-heading\"><strong>Kam se pos\u00edlaj\u00ed va\u0161e data<\/strong><\/h2>\n\n\n\n<p>Koment\u00e1\u0159e n\u00e1v\u0161t\u011bvn\u00edk\u016f a data vypln\u011bn\u00e1 do kontaktn\u00edho formul\u00e1\u0159e mohou b\u00fdt kontrolov\u00e1na prost\u0159ednictv\u00edm automatizovan\u00e9 slu\u017eby detekce spamu, kter\u00e1 m\u016f\u017ee b\u00fdt um\u00edst\u011bna v zahrani\u010d\u00ed.<\/p>\n\n\n\n<h2 class=\"wp-block-heading\"><strong>Va\u0161e pr\u00e1va<\/strong><\/h2>\n\n\n\n<p>V souladu s GDPR m\u00e1te pr\u00e1vo:<\/p>\n\n\n\n<ul class=\"wp-block-list\">\n<li>po\u017eadovat p\u0159\u00edstup k va\u0161im osobn\u00edm \u00fadaj\u016fm<\/li>\n\n\n\n<li>po\u017eadovat opravu nebo v\u00fdmaz \u00fadaj\u016f<\/li>\n\n\n\n<li>vzn\u00e9st n\u00e1mitku proti zpracov\u00e1n\u00ed<\/li>\n\n\n\n<li>po\u017eadovat omezen\u00ed zpracov\u00e1n\u00ed<\/li>\n\n\n\n<li>podat st\u00ed\u017enost u \u00da\u0159adu pro ochranu osobn\u00edch \u00fadaj\u016f<\/li>\n<\/ul>\n\n\n\n<h2 class=\"wp-block-heading\"><strong>Kontakt<\/strong><\/h2>\n\n\n\n<p>Pokud m\u00e1te dotazy ohledn\u011b zpracov\u00e1n\u00ed osobn\u00edch \u00fadaj\u016f, kontaktujte n\u00e1s na: info@ayrahorizons.cz<\/p>\n[\/et_pb_text][\/et_pb_column]\n\t\t\t[\/et_pb_row]\n\t\t[\/et_pb_section]","protected":false},"excerpt":{"rendered":"<p>Z\u00e1sady ochrany osobn\u00edch \u00fadaj\u016f Kdo jsme Na\u0161e webov\u00e1 adresa je: https:\/\/ayrahorizons.cz. Spr\u00e1vcem osobn\u00edch \u00fadaj\u016f je spole\u010dnost Ayra Horizons, s.r.o. (d\u00e1le jen \u201espr\u00e1vce\u201c). Spr\u00e1vce db\u00e1 na ochranu osobn\u00edch \u00fadaj\u016f n\u00e1v\u0161t\u011bvn\u00edk\u016f webov\u00fdch str\u00e1nek a zaji\u0161\u0165uje jejich zpracov\u00e1n\u00ed v souladu s platn\u00fdmi pr\u00e1vn\u00edmi p\u0159edpisy, zejm\u00e9na s Na\u0159\u00edzen\u00edm (EU) 2016\/679 (GDPR). Jak\u00e9 \u00fadaje zpracov\u00e1v\u00e1me P\u0159i n\u00e1v\u0161t\u011bv\u011b na\u0161ich webov\u00fdch str\u00e1nek [&hellip;]<\/p>\n","protected":false},"author":1,"featured_media":0,"parent":0,"menu_order":0,"comment_status":"closed","ping_status":"open","template":"","meta":{"_et_pb_use_builder":"on","_et_pb_old_content":"<!-- wp:heading -->\n<h2 class=\"wp-block-heading\"><strong>Z\u00e1sady ochrany osobn\u00edch \u00fadaj\u016f<\/strong><\/h2>\n<!-- \/wp:heading -->\n\n<!-- wp:heading -->\n<h2 class=\"wp-block-heading\"><strong>Kdo jsme<\/strong><\/h2>\n<!-- \/wp:heading -->\n\n<!-- wp:paragraph -->\n<p>Na\u0161e webov\u00e1 adresa je: https:\/\/ayrahorizons.cz. Spr\u00e1vcem osobn\u00edch \u00fadaj\u016f je spole\u010dnost <strong>Ayra Horizons, s.r.o.<\/strong> (d\u00e1le jen \u201espr\u00e1vce\u201c). Spr\u00e1vce db\u00e1 na ochranu osobn\u00edch \u00fadaj\u016f n\u00e1v\u0161t\u011bvn\u00edk\u016f webov\u00fdch str\u00e1nek a zaji\u0161\u0165uje jejich zpracov\u00e1n\u00ed v souladu s platn\u00fdmi pr\u00e1vn\u00edmi p\u0159edpisy, zejm\u00e9na s <strong>Na\u0159\u00edzen\u00edm (EU) 2016\/679 (GDPR)<\/strong>.<\/p>\n<!-- \/wp:paragraph -->\n\n<!-- wp:heading -->\n<h2 class=\"wp-block-heading\"><strong>Jak\u00e9 \u00fadaje zpracov\u00e1v\u00e1me<\/strong><\/h2>\n<!-- \/wp:heading -->\n\n<!-- wp:paragraph -->\n<p>P\u0159i n\u00e1v\u0161t\u011bv\u011b na\u0161ich webov\u00fdch str\u00e1nek mohou b\u00fdt automaticky shroma\u017e\u010fov\u00e1ny n\u00e1sleduj\u00edc\u00ed \u00fadaje:<\/p>\n<!-- \/wp:paragraph -->\n\n<!-- wp:list -->\n<ul class=\"wp-block-list\"><!-- wp:list-item -->\n<li>IP adresa a typ za\u0159\u00edzen\u00ed<\/li>\n<!-- \/wp:list-item -->\n\n<!-- wp:list-item -->\n<li>typ a verze prohl\u00ed\u017ee\u010de<\/li>\n<!-- \/wp:list-item -->\n\n<!-- wp:list-item -->\n<li>informace o n\u00e1v\u0161t\u011bv\u011b (nav\u0161t\u00edven\u00e9 str\u00e1nky, \u010das str\u00e1ven\u00fd na webu, zdroj n\u00e1v\u0161t\u011bvy)<\/li>\n<!-- \/wp:list-item -->\n\n<!-- wp:list-item -->\n<li>cookies a podobn\u00e9 technologie<\/li>\n<!-- \/wp:list-item --><\/ul>\n<!-- \/wp:list -->\n\n<!-- wp:paragraph -->\n<p>Tyto \u00fadaje n\u00e1m pom\u00e1haj\u00ed analyzovat n\u00e1v\u0161t\u011bvnost webu a zlep\u0161ovat na\u0161e slu\u017eby.<\/p>\n<!-- \/wp:paragraph -->\n\n<!-- wp:paragraph -->\n<p>D\u00e1le p\u0159i vypln\u011bn\u00ed <strong>kontaktn\u00edho formul\u00e1\u0159e <\/strong>uveden\u00e9ho na webu shroma\u017e\u010fujeme tyto \u00fadaje:<\/p>\n<!-- \/wp:paragraph -->\n\n<!-- wp:list -->\n<ul class=\"wp-block-list\"><!-- wp:list-item -->\n<li>jm\u00e9no<\/li>\n<!-- \/wp:list-item -->\n\n<!-- wp:list-item -->\n<li>e\u2011mail<\/li>\n<!-- \/wp:list-item -->\n\n<!-- wp:list-item -->\n<li>telefon<\/li>\n<!-- \/wp:list-item -->\n\n<!-- wp:list-item -->\n<li>text zpr\u00e1vy<\/li>\n<!-- \/wp:list-item --><\/ul>\n<!-- \/wp:list -->\n\n<!-- wp:heading -->\n<h2 class=\"wp-block-heading\"><strong>\u00da\u010dely zpracov\u00e1n\u00ed<\/strong><\/h2>\n<!-- \/wp:heading -->\n\n<!-- wp:paragraph -->\n<p>Va\u0161e \u00fadaje zpracov\u00e1v\u00e1me za \u00fa\u010delem:<\/p>\n<!-- \/wp:paragraph -->\n\n<!-- wp:list -->\n<ul class=\"wp-block-list\"><!-- wp:list-item -->\n<li><strong>Anal\u00fdzy n\u00e1v\u0161t\u011bvnosti<\/strong> prost\u0159ednictv\u00edm slu\u017eby <strong>Google Analytics<\/strong><\/li>\n<!-- \/wp:list-item -->\n\n<!-- wp:list-item -->\n<li><strong>Remarketingu a c\u00edlen\u00e9 reklamy<\/strong> prost\u0159ednictv\u00edm slu\u017eby <strong>Seznam.cz a Google Ads<\/strong><\/li>\n<!-- \/wp:list-item -->\n\n<!-- wp:list-item -->\n<li>Zaji\u0161t\u011bn\u00ed bezpe\u010dnosti a spr\u00e1vn\u00e9ho fungov\u00e1n\u00ed webu<\/li>\n<!-- \/wp:list-item --><\/ul>\n<!-- \/wp:list -->\n\n<!-- wp:heading -->\n<h2 class=\"wp-block-heading\"><strong>Cookies<\/strong><\/h2>\n<!-- \/wp:heading -->\n\n<!-- wp:paragraph -->\n<p>Na na\u0161em webu pou\u017e\u00edv\u00e1me cookies, kter\u00e9 n\u00e1m umo\u017e\u0148uj\u00ed:<\/p>\n<!-- \/wp:paragraph -->\n\n<!-- wp:list -->\n<ul class=\"wp-block-list\"><!-- wp:list-item -->\n<li>m\u011b\u0159it v\u00fdkon webu<\/li>\n<!-- \/wp:list-item -->\n\n<!-- wp:list-item -->\n<li>p\u0159izp\u016fsobovat obsah a reklamu va\u0161im z\u00e1jm\u016fm<\/li>\n<!-- \/wp:list-item -->\n\n<!-- wp:list-item -->\n<li>zlep\u0161ovat u\u017eivatelsk\u00fd z\u00e1\u017eitek<\/li>\n<!-- \/wp:list-item --><\/ul>\n<!-- \/wp:list -->\n\n<!-- wp:paragraph -->\n<p>Cookies m\u016f\u017eete kdykoli odm\u00edtnout nebo nastavit prost\u0159ednictv\u00edm sv\u00e9ho internetov\u00e9ho prohl\u00ed\u017ee\u010de.<\/p>\n<!-- \/wp:paragraph -->\n\n<!-- wp:heading -->\n<h2 class=\"wp-block-heading\"><strong>Sd\u00edlen\u00ed \u00fadaj\u016f<\/strong><\/h2>\n<!-- \/wp:heading -->\n\n<!-- wp:paragraph -->\n<p>Va\u0161e \u00fadaje mohou b\u00fdt p\u0159ed\u00e1v\u00e1ny poskytovatel\u016fm analytick\u00fdch a reklamn\u00edch slu\u017eeb:<\/p>\n<!-- \/wp:paragraph -->\n\n<!-- wp:list -->\n<ul class=\"wp-block-list\"><!-- wp:list-item -->\n<li><strong>Google Ireland Limited<\/strong> (Google Analytics, Google Ads)<\/li>\n<!-- \/wp:list-item -->\n\n<!-- wp:list-item -->\n<li><strong>Seznam.cz, a.s.<\/strong> (remarketingov\u00e9 slu\u017eby)<\/li>\n<!-- \/wp:list-item --><\/ul>\n<!-- \/wp:list -->\n\n<!-- wp:paragraph -->\n<p>Tyto spole\u010dnosti mohou kombinovat \u00fadaje z\u00edskan\u00e9 z na\u0161eho webu s dal\u0161\u00edmi informacemi, kter\u00e9 jim poskytnete nebo kter\u00e9 z\u00edskaj\u00ed p\u0159i pou\u017e\u00edv\u00e1n\u00ed jejich slu\u017eeb.<\/p>\n<!-- \/wp:paragraph -->\n\n<!-- wp:heading -->\n<h2 class=\"wp-block-heading\"><strong>Doba uchov\u00e1v\u00e1n\u00ed \u00fadaj\u016f<\/strong><\/h2>\n<!-- \/wp:heading -->\n\n<!-- wp:list -->\n<ul class=\"wp-block-list\"><!-- wp:list-item -->\n<li>\u00dadaje z kontaktn\u00edho formul\u00e1\u0159e uchov\u00e1v\u00e1me po dobu nezbytn\u011b nutnou k vy\u0159\u00edzen\u00ed va\u0161\u00ed zpr\u00e1vy a n\u00e1sledn\u00e9 komunikace, nejd\u00e9le v\u0161ak <strong>48 m\u011bs\u00edc\u016f<\/strong> od jejich zasl\u00e1n\u00ed.<\/li>\n<!-- \/wp:list-item -->\n\n<!-- wp:list-item -->\n<li>\u00dadaje z cookies a analytick\u00fdch n\u00e1stroj\u016f jsou uchov\u00e1v\u00e1ny podle nastaven\u00ed jednotliv\u00fdch slu\u017eeb (Google Analytics, Seznam.cz), zpravidla po dobu <strong>13 m\u011bs\u00edc\u016f<\/strong>.<\/li>\n<!-- \/wp:list-item --><\/ul>\n<!-- \/wp:list -->\n\n<!-- wp:heading -->\n<h2 class=\"wp-block-heading\"><strong>Kam se pos\u00edlaj\u00ed va\u0161e data<\/strong><\/h2>\n<!-- \/wp:heading -->\n\n<!-- wp:paragraph -->\n<p>Koment\u00e1\u0159e n\u00e1v\u0161t\u011bvn\u00edk\u016f a data vypln\u011bn\u00e1 do kontaktn\u00edho formul\u00e1\u0159e mohou b\u00fdt kontrolov\u00e1na prost\u0159ednictv\u00edm automatizovan\u00e9 slu\u017eby detekce spamu, kter\u00e1 m\u016f\u017ee b\u00fdt um\u00edst\u011bna v zahrani\u010d\u00ed.<\/p>\n<!-- \/wp:paragraph -->\n\n<!-- wp:heading -->\n<h2 class=\"wp-block-heading\"><strong>Va\u0161e pr\u00e1va<\/strong><\/h2>\n<!-- \/wp:heading -->\n\n<!-- wp:paragraph -->\n<p>V souladu s GDPR m\u00e1te pr\u00e1vo:<\/p>\n<!-- \/wp:paragraph -->\n\n<!-- wp:list -->\n<ul class=\"wp-block-list\"><!-- wp:list-item -->\n<li>po\u017eadovat p\u0159\u00edstup k va\u0161im osobn\u00edm \u00fadaj\u016fm<\/li>\n<!-- \/wp:list-item -->\n\n<!-- wp:list-item -->\n<li>po\u017eadovat opravu nebo v\u00fdmaz \u00fadaj\u016f<\/li>\n<!-- \/wp:list-item -->\n\n<!-- wp:list-item -->\n<li>vzn\u00e9st n\u00e1mitku proti zpracov\u00e1n\u00ed<\/li>\n<!-- \/wp:list-item -->\n\n<!-- wp:list-item -->\n<li>po\u017eadovat omezen\u00ed zpracov\u00e1n\u00ed<\/li>\n<!-- \/wp:list-item -->\n\n<!-- wp:list-item -->\n<li>podat st\u00ed\u017enost u \u00da\u0159adu pro ochranu osobn\u00edch \u00fadaj\u016f<\/li>\n<!-- \/wp:list-item --><\/ul>\n<!-- \/wp:list -->\n\n<!-- wp:heading -->\n<h2 class=\"wp-block-heading\"><strong>Kontakt<\/strong><\/h2>\n<!-- \/wp:heading -->\n\n<!-- wp:paragraph -->\n<p>Pokud m\u00e1te dotazy ohledn\u011b zpracov\u00e1n\u00ed osobn\u00edch \u00fadaj\u016f, kontaktujte n\u00e1s na: info@ayrahorizons.cz<\/p>\n<!-- \/wp:paragraph -->","_et_gb_content_width":"","footnotes":""},"class_list":["post-3","page","type-page","status-publish","hentry"],"yoast_head":"<!-- This site is optimized with the Yoast SEO plugin v27.3 - https:\/\/yoast.com\/product\/yoast-seo-wordpress\/ -->\n<title>Ayra Horizons |<\/title>\n<meta name=\"robots\" content=\"index, follow, max-snippet:-1, max-image-preview:large, max-video-preview:-1\" \/>\n<link rel=\"canonical\" href=\"https:\/\/ayrahorizons.cz\/en\/ochrana-osobnich-udaju\/\" \/>\n<meta property=\"og:locale\" content=\"en_GB\" \/>\n<meta property=\"og:type\" content=\"article\" \/>\n<meta property=\"og:title\" content=\"Ayra Horizons |\" \/>\n<meta property=\"og:description\" content=\"Z\u00e1sady ochrany osobn\u00edch \u00fadaj\u016f Kdo jsme Na\u0161e webov\u00e1 adresa je: https:\/\/ayrahorizons.cz. Spr\u00e1vcem osobn\u00edch \u00fadaj\u016f je spole\u010dnost Ayra Horizons, s.r.o. (d\u00e1le jen \u201espr\u00e1vce\u201c). Spr\u00e1vce db\u00e1 na ochranu osobn\u00edch \u00fadaj\u016f n\u00e1v\u0161t\u011bvn\u00edk\u016f webov\u00fdch str\u00e1nek a zaji\u0161\u0165uje jejich zpracov\u00e1n\u00ed v souladu s platn\u00fdmi pr\u00e1vn\u00edmi p\u0159edpisy, zejm\u00e9na s Na\u0159\u00edzen\u00edm (EU) 2016\/679 (GDPR). Jak\u00e9 \u00fadaje zpracov\u00e1v\u00e1me P\u0159i n\u00e1v\u0161t\u011bv\u011b na\u0161ich webov\u00fdch str\u00e1nek [&hellip;]\" \/>\n<meta property=\"og:url\" content=\"https:\/\/ayrahorizons.cz\/en\/ochrana-osobnich-udaju\/\" \/>\n<meta property=\"og:site_name\" content=\"Ayra Horizons\" \/>\n<meta property=\"article:publisher\" content=\"https:\/\/www.facebook.com\/ayrahorizons\" \/>\n<meta property=\"article:modified_time\" content=\"2025-12-13T22:25:31+00:00\" \/>\n<meta property=\"og:image\" content=\"https:\/\/ayrahorizons.cz\/wp-content\/uploads\/2025\/12\/shutterstock_2109307901-scaled.jpg\" \/>\n\t<meta property=\"og:image:width\" content=\"2560\" \/>\n\t<meta property=\"og:image:height\" content=\"1706\" \/>\n\t<meta property=\"og:image:type\" content=\"image\/jpeg\" \/>\n<meta name=\"twitter:card\" content=\"summary_large_image\" \/>\n<meta name=\"twitter:label1\" content=\"Estimated reading time\" \/>\n\t<meta name=\"twitter:data1\" content=\"3 minutes\" \/>\n<script type=\"application\/ld+json\" class=\"yoast-schema-graph\">{\"@context\":\"https:\\\/\\\/schema.org\",\"@graph\":[{\"@type\":\"WebPage\",\"@id\":\"https:\\\/\\\/ayrahorizons.cz\\\/ochrana-osobnich-udaju\\\/\",\"url\":\"https:\\\/\\\/ayrahorizons.cz\\\/ochrana-osobnich-udaju\\\/\",\"name\":\"Ayra Horizons |\",\"isPartOf\":{\"@id\":\"https:\\\/\\\/ayrahorizons.cz\\\/#website\"},\"datePublished\":\"2025-11-04T21:07:21+00:00\",\"dateModified\":\"2025-12-13T22:25:31+00:00\",\"breadcrumb\":{\"@id\":\"https:\\\/\\\/ayrahorizons.cz\\\/ochrana-osobnich-udaju\\\/#breadcrumb\"},\"inLanguage\":\"en-GB\",\"potentialAction\":[{\"@type\":\"ReadAction\",\"target\":[\"https:\\\/\\\/ayrahorizons.cz\\\/ochrana-osobnich-udaju\\\/\"]}]},{\"@type\":\"BreadcrumbList\",\"@id\":\"https:\\\/\\\/ayrahorizons.cz\\\/ochrana-osobnich-udaju\\\/#breadcrumb\",\"itemListElement\":[{\"@type\":\"ListItem\",\"position\":1,\"name\":\"Dom\u016f\",\"item\":\"https:\\\/\\\/ayrahorizons.cz\\\/\"},{\"@type\":\"ListItem\",\"position\":2,\"name\":\"Z\u00e1sady ochrany osobn\u00edch \u00fadaj\u016f\"}]},{\"@type\":\"WebSite\",\"@id\":\"https:\\\/\\\/ayrahorizons.cz\\\/#website\",\"url\":\"https:\\\/\\\/ayrahorizons.cz\\\/\",\"name\":\"Ayra Horizons - Plavby na Lofotech a v severn\u00edm Norsku\",\"description\":\"Plavby na Lofotech a v severn\u00edm Norsku\",\"publisher\":{\"@id\":\"https:\\\/\\\/ayrahorizons.cz\\\/#organization\"},\"alternateName\":\"Ayra Horizons\",\"potentialAction\":[{\"@type\":\"SearchAction\",\"target\":{\"@type\":\"EntryPoint\",\"urlTemplate\":\"https:\\\/\\\/ayrahorizons.cz\\\/?s={search_term_string}\"},\"query-input\":{\"@type\":\"PropertyValueSpecification\",\"valueRequired\":true,\"valueName\":\"search_term_string\"}}],\"inLanguage\":\"en-GB\"},{\"@type\":\"Organization\",\"@id\":\"https:\\\/\\\/ayrahorizons.cz\\\/#organization\",\"name\":\"Ayra Horizons\",\"url\":\"https:\\\/\\\/ayrahorizons.cz\\\/\",\"logo\":{\"@type\":\"ImageObject\",\"inLanguage\":\"en-GB\",\"@id\":\"https:\\\/\\\/ayrahorizons.cz\\\/#\\\/schema\\\/logo\\\/image\\\/\",\"url\":\"https:\\\/\\\/ayrahorizons.cz\\\/wp-content\\\/uploads\\\/2025\\\/12\\\/cropped-AYRA_horizons_icon.png\",\"contentUrl\":\"https:\\\/\\\/ayrahorizons.cz\\\/wp-content\\\/uploads\\\/2025\\\/12\\\/cropped-AYRA_horizons_icon.png\",\"width\":512,\"height\":512,\"caption\":\"Ayra Horizons\"},\"image\":{\"@id\":\"https:\\\/\\\/ayrahorizons.cz\\\/#\\\/schema\\\/logo\\\/image\\\/\"},\"sameAs\":[\"https:\\\/\\\/www.facebook.com\\\/ayrahorizons\",\"https:\\\/\\\/www.instagram.com\\\/ayrahorizons\\\/\"]}]}<\/script>\n<!-- \/ Yoast SEO plugin. -->","yoast_head_json":{"title":"Ayra Horizons |","robots":{"index":"index","follow":"follow","max-snippet":"max-snippet:-1","max-image-preview":"max-image-preview:large","max-video-preview":"max-video-preview:-1"},"canonical":"https:\/\/ayrahorizons.cz\/en\/ochrana-osobnich-udaju\/","og_locale":"en_GB","og_type":"article","og_title":"Ayra Horizons |","og_description":"Z\u00e1sady ochrany osobn\u00edch \u00fadaj\u016f Kdo jsme Na\u0161e webov\u00e1 adresa je: https:\/\/ayrahorizons.cz. Spr\u00e1vcem osobn\u00edch \u00fadaj\u016f je spole\u010dnost Ayra Horizons, s.r.o. (d\u00e1le jen \u201espr\u00e1vce\u201c). Spr\u00e1vce db\u00e1 na ochranu osobn\u00edch \u00fadaj\u016f n\u00e1v\u0161t\u011bvn\u00edk\u016f webov\u00fdch str\u00e1nek a zaji\u0161\u0165uje jejich zpracov\u00e1n\u00ed v souladu s platn\u00fdmi pr\u00e1vn\u00edmi p\u0159edpisy, zejm\u00e9na s Na\u0159\u00edzen\u00edm (EU) 2016\/679 (GDPR). Jak\u00e9 \u00fadaje zpracov\u00e1v\u00e1me P\u0159i n\u00e1v\u0161t\u011bv\u011b na\u0161ich webov\u00fdch str\u00e1nek [&hellip;]","og_url":"https:\/\/ayrahorizons.cz\/en\/ochrana-osobnich-udaju\/","og_site_name":"Ayra Horizons","article_publisher":"https:\/\/www.facebook.com\/ayrahorizons","article_modified_time":"2025-12-13T22:25:31+00:00","og_image":[{"width":2560,"height":1706,"url":"https:\/\/ayrahorizons.cz\/wp-content\/uploads\/2025\/12\/shutterstock_2109307901-scaled.jpg","type":"image\/jpeg"}],"twitter_card":"summary_large_image","twitter_misc":{"Estimated reading time":"3 minutes"},"schema":{"@context":"https:\/\/schema.org","@graph":[{"@type":"WebPage","@id":"https:\/\/ayrahorizons.cz\/ochrana-osobnich-udaju\/","url":"https:\/\/ayrahorizons.cz\/ochrana-osobnich-udaju\/","name":"Ayra Horizons |","isPartOf":{"@id":"https:\/\/ayrahorizons.cz\/#website"},"datePublished":"2025-11-04T21:07:21+00:00","dateModified":"2025-12-13T22:25:31+00:00","breadcrumb":{"@id":"https:\/\/ayrahorizons.cz\/ochrana-osobnich-udaju\/#breadcrumb"},"inLanguage":"en-GB","potentialAction":[{"@type":"ReadAction","target":["https:\/\/ayrahorizons.cz\/ochrana-osobnich-udaju\/"]}]},{"@type":"BreadcrumbList","@id":"https:\/\/ayrahorizons.cz\/ochrana-osobnich-udaju\/#breadcrumb","itemListElement":[{"@type":"ListItem","position":1,"name":"Dom\u016f","item":"https:\/\/ayrahorizons.cz\/"},{"@type":"ListItem","position":2,"name":"Z\u00e1sady ochrany osobn\u00edch \u00fadaj\u016f"}]},{"@type":"WebSite","@id":"https:\/\/ayrahorizons.cz\/#website","url":"https:\/\/ayrahorizons.cz\/","name":"Ayra Horizons - Plavby na Lofotech a v severn\u00edm Norsku","description":"Plavby na Lofotech a v severn\u00edm Norsku","publisher":{"@id":"https:\/\/ayrahorizons.cz\/#organization"},"alternateName":"Ayra Horizons","potentialAction":[{"@type":"SearchAction","target":{"@type":"EntryPoint","urlTemplate":"https:\/\/ayrahorizons.cz\/?s={search_term_string}"},"query-input":{"@type":"PropertyValueSpecification","valueRequired":true,"valueName":"search_term_string"}}],"inLanguage":"en-GB"},{"@type":"Organization","@id":"https:\/\/ayrahorizons.cz\/#organization","name":"Ayra Horizons","url":"https:\/\/ayrahorizons.cz\/","logo":{"@type":"ImageObject","inLanguage":"en-GB","@id":"https:\/\/ayrahorizons.cz\/#\/schema\/logo\/image\/","url":"https:\/\/ayrahorizons.cz\/wp-content\/uploads\/2025\/12\/cropped-AYRA_horizons_icon.png","contentUrl":"https:\/\/ayrahorizons.cz\/wp-content\/uploads\/2025\/12\/cropped-AYRA_horizons_icon.png","width":512,"height":512,"caption":"Ayra Horizons"},"image":{"@id":"https:\/\/ayrahorizons.cz\/#\/schema\/logo\/image\/"},"sameAs":["https:\/\/www.facebook.com\/ayrahorizons","https:\/\/www.instagram.com\/ayrahorizons\/"]}]}},"_links":{"self":[{"href":"https:\/\/ayrahorizons.cz\/en\/wp-json\/wp\/v2\/pages\/3","targetHints":{"allow":["GET"]}}],"collection":[{"href":"https:\/\/ayrahorizons.cz\/en\/wp-json\/wp\/v2\/pages"}],"about":[{"href":"https:\/\/ayrahorizons.cz\/en\/wp-json\/wp\/v2\/types\/page"}],"author":[{"embeddable":true,"href":"https:\/\/ayrahorizons.cz\/en\/wp-json\/wp\/v2\/users\/1"}],"replies":[{"embeddable":true,"href":"https:\/\/ayrahorizons.cz\/en\/wp-json\/wp\/v2\/comments?post=3"}],"version-history":[{"count":2,"href":"https:\/\/ayrahorizons.cz\/en\/wp-json\/wp\/v2\/pages\/3\/revisions"}],"predecessor-version":[{"id":686,"href":"https:\/\/ayrahorizons.cz\/en\/wp-json\/wp\/v2\/pages\/3\/revisions\/686"}],"wp:attachment":[{"href":"https:\/\/ayrahorizons.cz\/en\/wp-json\/wp\/v2\/media?parent=3"}],"curies":[{"name":"wp","href":"https:\/\/api.w.org\/{rel}","templated":true}]}}